{"id":85,"date":"2019-02-06T07:54:24","date_gmt":"2019-02-06T07:54:24","guid":{"rendered":"https:\/\/expertlingua.ro\/?page_id=85"},"modified":"2019-03-06T09:53:09","modified_gmt":"2019-03-06T09:53:09","slug":"subtitrare","status":"publish","type":"page","link":"https:\/\/expertlingua.ro\/en\/servicii\/subtitrare\/","title":{"rendered":"Subtitling"},"content":{"rendered":"<p>[vc_row full_width=&#8221;stretch_row_content&#8221; content_placement=&#8221;middle&#8221; css=&#8221;.vc_custom_1549440192839{margin-top: 60px !important;margin-bottom: 40px !important;}&#8221; mobile_bg_img_hidden=&#8221;no&#8221; woodmart_parallax=&#8221;0&#8243; woodmart_gradient_switch=&#8221;no&#8221; row_reverse_mobile=&#8221;0&#8243; row_reverse_tablet=&#8221;0&#8243; woodmart_disable_overflow=&#8221;0&#8243;][vc_column width=&#8221;1\/2&#8243; css=&#8221;.vc_custom_1549439890756{padding-top: 8vh !important;padding-bottom: 4vh !important;background-image: url(https:\/\/expertlingua.ro\/wp-content\/uploads\/2019\/02\/traduceri-subtitrare.jpg?id=91) !important;background-position: center !important;background-repeat: no-repeat !important;background-size: cover !important;}&#8221; mobile_bg_img_hidden=&#8221;no&#8221; woodmart_parallax=&#8221;0&#8243; woodmart_sticky_column=&#8221;false&#8221; parallax_scroll=&#8221;no&#8221; mobile_reset_margin=&#8221;no&#8221; tablet_reset_margin=&#8221;no&#8221;][vc_single_image image=&#8221;93&#8243; img_size=&#8221;385&#215;480&#8243; alignment=&#8221;right&#8221; scroll_x=&#8221;0&#8243; scroll_y=&#8221;-40&#8243; scroll_z=&#8221;0&#8243; parallax_scroll=&#8221;yes&#8221; css=&#8221;.vc_custom_1549439986039{margin-right: -60px !important;margin-bottom: 0px !important;padding-top: 4vh !important;padding-bottom: 4vh !important;}&#8221;][\/vc_column][vc_column width=&#8221;1\/2&#8243; scroll_x=&#8221;0&#8243; scroll_y=&#8221;30&#8243; scroll_z=&#8221;0&#8243; parallax_scroll=&#8221;yes&#8221; css=&#8221;.vc_custom_1525683911075{padding-top: 5vh !important;padding-right: 15% !important;padding-bottom: 5vh !important;padding-left: 15% !important;}&#8221;]\t\n\t\t\t<div id=\"wd-5c651e3d94bab\" class=\"woodmart-text-block-wrapper color-scheme-dark woodmart-title-size-custom woodmart-title-width-100 text-left vc_custom_1550130764394\">\n\t\t\t\t<div class=\"woodmart-title-container woodmart-text-block font-primary woodmart-font-weight-400\">\n\t\t\t\t\t<\/p>\n<h2><span class=\"color-primary\">Subtitling<\/span><\/h2>\n<p>\t\t\t\t<\/div>\n\t\t\t\t\t\t\t<\/div>\n\t\t\t\n\t\t\t<div id=\"wd-5c651e4f1abf2\" class=\"woodmart-text-block-wrapper color-scheme- woodmart-title-size-custom woodmart-title-width-80 text-left vc_custom_1550130793786\">\n\t\t\t\t<div class=\"woodmart-title-container woodmart-text-block font-text woodmart-font-weight-400\">\n\t\t\t\t\tWorking with <strong>subtitling translators<\/strong> we ensure that your subtitles sound just right and tell the story as it is to your audience.\u00a0Subtitle files can be supplied in any of the supported formats you may need.<br \/>\nPlease send us your project details using the form below.\t\t\t\t<\/div>\n\t\t\t\t\t\t\t<\/div>\n\t\t[\/vc_column][\/vc_row][vc_row full_width=&#8221;stretch_row&#8221; css=&#8221;.vc_custom_1550044592303{background-color: #efefef !important;}&#8221; mobile_bg_img_hidden=&#8221;no&#8221; woodmart_parallax=&#8221;0&#8243; woodmart_gradient_switch=&#8221;no&#8221; row_reverse_mobile=&#8221;0&#8243; row_reverse_tablet=&#8221;0&#8243; woodmart_disable_overflow=&#8221;0&#8243;][vc_column]\n\t\t<div id=\"wd-5c651e6d51351\" class=\"title-wrapper  woodmart-title-color-default woodmart-title-style-bordered woodmart-title-width-100 text-left woodmart-title-size-default vc_custom_1550130806227\">\n\n\t\t\t\n\t\t\t<div class=\"liner-continer\">\n\t\t\t\t<span class=\"left-line\"><\/span>\n\t\t\t\t <h4 class=\"woodmart-title-container title  woodmart-font-weight-\" >LEAVE US A MESSAGE<\/h4>\t\t\t\t \t\t\t\t<span class=\"right-line\"><\/span>\n\t\t\t<\/div>\n\t\t\t\n\t\t\t\t\t\t\n\t\t\t\n\t\t<\/div>\n\t\t\n\t\t\n<div class=\"wpcf7 no-js\" id=\"wpcf7-f344-o1\" lang=\"ro-RO\" dir=\"ltr\">\n<div class=\"screen-reader-response\"><p role=\"status\" aria-live=\"polite\" aria-atomic=\"true\"><\/p> <ul><\/ul><\/div>\n<form action=\"\/en\/wp-json\/wp\/v2\/pages\/85#wpcf7-f344-o1\" method=\"post\" class=\"wpcf7-form init\" aria-label=\"Formular de contact\" novalidate=\"novalidate\" data-status=\"init\">\n<div style=\"display: none;\">\n<input type=\"hidden\" name=\"_wpcf7\" value=\"344\" \/>\n<input type=\"hidden\" name=\"_wpcf7_version\" value=\"5.7.7\" \/>\n<input type=\"hidden\" name=\"_wpcf7_locale\" value=\"ro_RO\" \/>\n<input type=\"hidden\" name=\"_wpcf7_unit_tag\" value=\"wpcf7-f344-o1\" \/>\n<input type=\"hidden\" name=\"_wpcf7_container_post\" value=\"0\" \/>\n<input type=\"hidden\" name=\"_wpcf7_posted_data_hash\" value=\"\" \/>\n<input type=\"hidden\" name=\"_wpcf7cf_hidden_group_fields\" value=\"[]\" \/>\n<input type=\"hidden\" name=\"_wpcf7cf_hidden_groups\" value=\"[]\" \/>\n<input type=\"hidden\" name=\"_wpcf7cf_visible_groups\" value=\"[]\" \/>\n<input type=\"hidden\" name=\"_wpcf7cf_repeaters\" value=\"[]\" \/>\n<input type=\"hidden\" name=\"_wpcf7cf_steps\" value=\"{}\" \/>\n<input type=\"hidden\" name=\"_wpcf7cf_options\" value=\"{&quot;form_id&quot;:344,&quot;conditions&quot;:[],&quot;settings&quot;:{&quot;animation&quot;:&quot;yes&quot;,&quot;animation_intime&quot;:200,&quot;animation_outtime&quot;:200,&quot;conditions_ui&quot;:&quot;normal&quot;,&quot;notice_dismissed&quot;:false}}\" \/>\n<\/div>\n<div class=\"row\">\n\t<div class=\"col-md-6\">\n\t\t<p><label>Surname<br \/>\n<span class=\"wpcf7-form-control-wrap\" data-name=\"your-name\"><input size=\"40\" class=\"wpcf7-form-control wpcf7-text wpcf7-validates-as-required\" aria-required=\"true\" aria-invalid=\"false\" value=\"\" type=\"text\" name=\"your-name\" \/><\/span> <\/label>\n\t\t<\/p>\n\t<\/div>\n\t<div class=\"col-md-6\">\n\t\t<p><label>Given name<br \/>\n<span class=\"wpcf7-form-control-wrap\" data-name=\"your-name\"><input size=\"40\" class=\"wpcf7-form-control wpcf7-text wpcf7-validates-as-required\" aria-required=\"true\" aria-invalid=\"false\" value=\"\" type=\"text\" name=\"your-name\" \/><\/span> <\/label>\n\t\t<\/p>\n\t<\/div>\n<\/div>\n<div class=\"row\">\n\t<div class=\"col-md-6\">\n\t\t<p><label> Email<br \/>\n<span class=\"wpcf7-form-control-wrap\" data-name=\"your-email\"><input size=\"40\" class=\"wpcf7-form-control wpcf7-text wpcf7-email wpcf7-validates-as-required wpcf7-validates-as-email\" aria-required=\"true\" aria-invalid=\"false\" value=\"\" type=\"email\" name=\"your-email\" \/><\/span> <\/label>\n\t\t<\/p>\n\t<\/div>\n\t<div class=\"col-md-6\">\n\t\t<p><label>Phone number<br \/>\n<span class=\"wpcf7-form-control-wrap\" data-name=\"telefon\"><input size=\"40\" class=\"wpcf7-form-control wpcf7-text wpcf7-validates-as-required\" aria-required=\"true\" aria-invalid=\"false\" value=\"\" type=\"text\" name=\"telefon\" \/><\/span> <\/label>\n\t\t<\/p>\n\t<\/div>\n<\/div>\n<div class=\"row\">\n\t<div class=\"col-md-12\">\n\t\t<p><label>Subject<br \/>\n<span class=\"wpcf7-form-control-wrap\" data-name=\"your-subject\"><input size=\"40\" class=\"wpcf7-form-control wpcf7-text\" aria-invalid=\"false\" value=\"\" type=\"text\" name=\"your-subject\" \/><\/span> <\/label>\n\t\t<\/p>\n\t<\/div>\n<\/div>\n<div class=\"row\">\n\t<div class=\"col-md-12\">\n\t\t<p><label>Message<br \/>\n<span class=\"wpcf7-form-control-wrap\" data-name=\"your-message\"><textarea cols=\"40\" rows=\"10\" class=\"wpcf7-form-control wpcf7-textarea\" aria-invalid=\"false\" name=\"your-message\"><\/textarea><\/span> <\/label>\n\t\t<\/p>\n\t<\/div>\n\t<div class=\"col-md-12\">\n\t\t<p><span class=\"wpcf7-form-control-wrap\" data-name=\"checkbox-583\"><span class=\"wpcf7-form-control wpcf7-checkbox wpcf7-validates-as-required\"><span class=\"wpcf7-list-item first last\"><input type=\"checkbox\" name=\"checkbox-583[]\" value=\"I confirm that I have read and understood the information concerning my personal data. I hereby give my consent to the processing of my personal data.\" \/><span class=\"wpcf7-list-item-label\">I confirm that I have read and understood the information concerning my personal data. I hereby give my consent to the processing of my personal data.<\/span><\/span><\/span><\/span><a href=\"https:\/\/expertlingua.ro\/protectia-datelor\/\">Read the data protection information<\/a>\n\t\t<\/p>\n\t<\/div>\n\t<div class=\"col-md-12\" style=\"text-align:center;\">\n\t\t<p><input class=\"wpcf7-form-control has-spinner wpcf7-submit\" type=\"submit\" value=\"Send\" \/>\n\t\t<\/p>\n\t<\/div>\n<\/div><p style=\"display: none !important;\" class=\"akismet-fields-container\" data-prefix=\"_wpcf7_ak_\"><label>&#916;<textarea name=\"_wpcf7_ak_hp_textarea\" cols=\"45\" rows=\"8\" maxlength=\"100\"><\/textarea><\/label><input type=\"hidden\" id=\"ak_js_1\" name=\"_wpcf7_ak_js\" value=\"147\"\/><script type=\"text\/javascript\">\n\/* <![CDATA[ *\/\ndocument.getElementById( \"ak_js_1\" ).setAttribute( \"value\", ( new Date() ).getTime() );\n\/* ]]> *\/\n<\/script>\n<\/p><div class=\"wpcf7-response-output\" aria-hidden=\"true\"><\/div>\n<\/form>\n<\/div>\n[\/vc_column][\/vc_row]<\/p>\n","protected":false},"excerpt":{"rendered":"<p>[vc_row full_width=&#8221;stretch_row_content&#8221; content_placement=&#8221;middle&#8221; css=&#8221;.vc_custom_1549440192839{margin-top: 60px !important;margin-bottom: 40px !important;}&#8221; mobile_bg_img_hidden=&#8221;no&#8221; woodmart_parallax=&#8221;0&#8243; woodmart_gradient_switch=&#8221;no&#8221; row_reverse_mobile=&#8221;0&#8243; row_reverse_tablet=&#8221;0&#8243; woodmart_disable_overflow=&#8221;0&#8243;][vc_column width=&#8221;1\/2&#8243; css=&#8221;.vc_custom_1549439890756{padding-top: 8vh !important;padding-bottom: 4vh !important;background-image:<\/p>\n","protected":false},"author":1,"featured_media":0,"parent":83,"menu_order":0,"comment_status":"closed","ping_status":"closed","template":"","meta":{"footnotes":""},"class_list":["post-85","page","type-page","status-publish","hentry"],"yoast_head":"<!-- This site is optimized with the Yoast SEO plugin v24.9 - https:\/\/yoast.com\/wordpress\/plugins\/seo\/ -->\n<title>Traducere Subtitrare \/ Traduc\u0103tori Specializa\u021bi- Expertlingua<\/title>\n<meta name=\"description\" content=\"Expertlingua - Traducere subtitrare. Lucr\u00e2nd cu traduc\u0103tori specializa\u021bi \u00een subtitr\u0103ri, v\u0103 asigur\u0103m c\u0103 subtitr\u0103rile filmelor dumneavoastr\u0103 vor transmite mesajul cu fidelitate.Fi\u0219ierele cu subtitr\u0103ri pot fi furnizate \u00een oricare dintre formatele acceptate de dumneavoastr\u0103.\" \/>\n<meta name=\"robots\" content=\"index, follow, max-snippet:-1, max-image-preview:large, max-video-preview:-1\" \/>\n<link rel=\"canonical\" href=\"https:\/\/expertlingua.ro\/servicii\/subtitrare\/\" \/>\n<meta property=\"og:locale\" content=\"en_US\" \/>\n<meta property=\"og:type\" content=\"article\" \/>\n<meta property=\"og:title\" content=\"Traducere Subtitrare \/ Traduc\u0103tori Specializa\u021bi- Expertlingua\" \/>\n<meta property=\"og:description\" content=\"Expertlingua - Traducere subtitrare. Lucr\u00e2nd cu traduc\u0103tori specializa\u021bi \u00een subtitr\u0103ri, v\u0103 asigur\u0103m c\u0103 subtitr\u0103rile filmelor dumneavoastr\u0103 vor transmite mesajul cu fidelitate.Fi\u0219ierele cu subtitr\u0103ri pot fi furnizate \u00een oricare dintre formatele acceptate de dumneavoastr\u0103.\" \/>\n<meta property=\"og:url\" content=\"https:\/\/expertlingua.ro\/servicii\/subtitrare\/\" \/>\n<meta property=\"og:site_name\" content=\"Expertlingua\" \/>\n<meta property=\"article:publisher\" content=\"https:\/\/www.facebook.com\/pg\/Expertlingua-294752101188783\" \/>\n<meta property=\"article:modified_time\" content=\"2019-03-06T09:53:09+00:00\" \/>\n<meta name=\"twitter:card\" content=\"summary_large_image\" \/>\n<meta name=\"twitter:label1\" content=\"Est. reading time\" \/>\n\t<meta name=\"twitter:data1\" content=\"2 minutes\" \/>\n<script type=\"application\/ld+json\" class=\"yoast-schema-graph\">{\"@context\":\"https:\/\/schema.org\",\"@graph\":[{\"@type\":\"WebPage\",\"@id\":\"https:\/\/expertlingua.ro\/servicii\/subtitrare\/\",\"url\":\"https:\/\/expertlingua.ro\/servicii\/subtitrare\/\",\"name\":\"Traducere Subtitrare \/ Traduc\u0103tori Specializa\u021bi- Expertlingua\",\"isPartOf\":{\"@id\":\"https:\/\/expertlingua.ro\/#website\"},\"datePublished\":\"2019-02-06T07:54:24+00:00\",\"dateModified\":\"2019-03-06T09:53:09+00:00\",\"description\":\"Expertlingua - Traducere subtitrare. Lucr\u00e2nd cu traduc\u0103tori specializa\u021bi \u00een subtitr\u0103ri, v\u0103 asigur\u0103m c\u0103 subtitr\u0103rile filmelor dumneavoastr\u0103 vor transmite mesajul cu fidelitate.Fi\u0219ierele cu subtitr\u0103ri pot fi furnizate \u00een oricare dintre formatele acceptate de dumneavoastr\u0103.\",\"breadcrumb\":{\"@id\":\"https:\/\/expertlingua.ro\/servicii\/subtitrare\/#breadcrumb\"},\"inLanguage\":\"en-US\",\"potentialAction\":[{\"@type\":\"ReadAction\",\"target\":[\"https:\/\/expertlingua.ro\/servicii\/subtitrare\/\"]}]},{\"@type\":\"BreadcrumbList\",\"@id\":\"https:\/\/expertlingua.ro\/servicii\/subtitrare\/#breadcrumb\",\"itemListElement\":[{\"@type\":\"ListItem\",\"position\":1,\"name\":\"Prima pagin\u0103\",\"item\":\"https:\/\/expertlingua.ro\/\"},{\"@type\":\"ListItem\",\"position\":2,\"name\":\"Services\",\"item\":\"https:\/\/expertlingua.ro\/en\/servicii\/\"},{\"@type\":\"ListItem\",\"position\":3,\"name\":\"Subtitrare\"}]},{\"@type\":\"WebSite\",\"@id\":\"https:\/\/expertlingua.ro\/#website\",\"url\":\"https:\/\/expertlingua.ro\/\",\"name\":\"Expertlingua\",\"description\":\"Traduceri\",\"publisher\":{\"@id\":\"https:\/\/expertlingua.ro\/#organization\"},\"potentialAction\":[{\"@type\":\"SearchAction\",\"target\":{\"@type\":\"EntryPoint\",\"urlTemplate\":\"https:\/\/expertlingua.ro\/?s={search_term_string}\"},\"query-input\":{\"@type\":\"PropertyValueSpecification\",\"valueRequired\":true,\"valueName\":\"search_term_string\"}}],\"inLanguage\":\"en-US\"},{\"@type\":\"Organization\",\"@id\":\"https:\/\/expertlingua.ro\/#organization\",\"name\":\"ExpertLingua\",\"url\":\"https:\/\/expertlingua.ro\/\",\"logo\":{\"@type\":\"ImageObject\",\"inLanguage\":\"en-US\",\"@id\":\"https:\/\/expertlingua.ro\/#\/schema\/logo\/image\/\",\"url\":\"https:\/\/expertlingua.ro\/wp-content\/uploads\/2019\/02\/expertlingua-logo.png\",\"contentUrl\":\"https:\/\/expertlingua.ro\/wp-content\/uploads\/2019\/02\/expertlingua-logo.png\",\"width\":219,\"height\":50,\"caption\":\"ExpertLingua\"},\"image\":{\"@id\":\"https:\/\/expertlingua.ro\/#\/schema\/logo\/image\/\"},\"sameAs\":[\"https:\/\/www.facebook.com\/pg\/Expertlingua-294752101188783\"]}]}<\/script>\n<!-- \/ Yoast SEO plugin. -->","yoast_head_json":{"title":"Traducere Subtitrare \/ Traduc\u0103tori Specializa\u021bi- Expertlingua","description":"Expertlingua - Traducere subtitrare. Lucr\u00e2nd cu traduc\u0103tori specializa\u021bi \u00een subtitr\u0103ri, v\u0103 asigur\u0103m c\u0103 subtitr\u0103rile filmelor dumneavoastr\u0103 vor transmite mesajul cu fidelitate.Fi\u0219ierele cu subtitr\u0103ri pot fi furnizate \u00een oricare dintre formatele acceptate de dumneavoastr\u0103.","robots":{"index":"index","follow":"follow","max-snippet":"max-snippet:-1","max-image-preview":"max-image-preview:large","max-video-preview":"max-video-preview:-1"},"canonical":"https:\/\/expertlingua.ro\/servicii\/subtitrare\/","og_locale":"en_US","og_type":"article","og_title":"Traducere Subtitrare \/ Traduc\u0103tori Specializa\u021bi- Expertlingua","og_description":"Expertlingua - Traducere subtitrare. Lucr\u00e2nd cu traduc\u0103tori specializa\u021bi \u00een subtitr\u0103ri, v\u0103 asigur\u0103m c\u0103 subtitr\u0103rile filmelor dumneavoastr\u0103 vor transmite mesajul cu fidelitate.Fi\u0219ierele cu subtitr\u0103ri pot fi furnizate \u00een oricare dintre formatele acceptate de dumneavoastr\u0103.","og_url":"https:\/\/expertlingua.ro\/servicii\/subtitrare\/","og_site_name":"Expertlingua","article_publisher":"https:\/\/www.facebook.com\/pg\/Expertlingua-294752101188783","article_modified_time":"2019-03-06T09:53:09+00:00","twitter_card":"summary_large_image","twitter_misc":{"Est. reading time":"2 minutes"},"schema":{"@context":"https:\/\/schema.org","@graph":[{"@type":"WebPage","@id":"https:\/\/expertlingua.ro\/servicii\/subtitrare\/","url":"https:\/\/expertlingua.ro\/servicii\/subtitrare\/","name":"Traducere Subtitrare \/ Traduc\u0103tori Specializa\u021bi- Expertlingua","isPartOf":{"@id":"https:\/\/expertlingua.ro\/#website"},"datePublished":"2019-02-06T07:54:24+00:00","dateModified":"2019-03-06T09:53:09+00:00","description":"Expertlingua - Traducere subtitrare. Lucr\u00e2nd cu traduc\u0103tori specializa\u021bi \u00een subtitr\u0103ri, v\u0103 asigur\u0103m c\u0103 subtitr\u0103rile filmelor dumneavoastr\u0103 vor transmite mesajul cu fidelitate.Fi\u0219ierele cu subtitr\u0103ri pot fi furnizate \u00een oricare dintre formatele acceptate de dumneavoastr\u0103.","breadcrumb":{"@id":"https:\/\/expertlingua.ro\/servicii\/subtitrare\/#breadcrumb"},"inLanguage":"en-US","potentialAction":[{"@type":"ReadAction","target":["https:\/\/expertlingua.ro\/servicii\/subtitrare\/"]}]},{"@type":"BreadcrumbList","@id":"https:\/\/expertlingua.ro\/servicii\/subtitrare\/#breadcrumb","itemListElement":[{"@type":"ListItem","position":1,"name":"Prima pagin\u0103","item":"https:\/\/expertlingua.ro\/"},{"@type":"ListItem","position":2,"name":"Services","item":"https:\/\/expertlingua.ro\/en\/servicii\/"},{"@type":"ListItem","position":3,"name":"Subtitrare"}]},{"@type":"WebSite","@id":"https:\/\/expertlingua.ro\/#website","url":"https:\/\/expertlingua.ro\/","name":"Expertlingua","description":"Traduceri","publisher":{"@id":"https:\/\/expertlingua.ro\/#organization"},"potentialAction":[{"@type":"SearchAction","target":{"@type":"EntryPoint","urlTemplate":"https:\/\/expertlingua.ro\/?s={search_term_string}"},"query-input":{"@type":"PropertyValueSpecification","valueRequired":true,"valueName":"search_term_string"}}],"inLanguage":"en-US"},{"@type":"Organization","@id":"https:\/\/expertlingua.ro\/#organization","name":"ExpertLingua","url":"https:\/\/expertlingua.ro\/","logo":{"@type":"ImageObject","inLanguage":"en-US","@id":"https:\/\/expertlingua.ro\/#\/schema\/logo\/image\/","url":"https:\/\/expertlingua.ro\/wp-content\/uploads\/2019\/02\/expertlingua-logo.png","contentUrl":"https:\/\/expertlingua.ro\/wp-content\/uploads\/2019\/02\/expertlingua-logo.png","width":219,"height":50,"caption":"ExpertLingua"},"image":{"@id":"https:\/\/expertlingua.ro\/#\/schema\/logo\/image\/"},"sameAs":["https:\/\/www.facebook.com\/pg\/Expertlingua-294752101188783"]}]}},"_links":{"self":[{"href":"https:\/\/expertlingua.ro\/en\/wp-json\/wp\/v2\/pages\/85","targetHints":{"allow":["GET"]}}],"collection":[{"href":"https:\/\/expertlingua.ro\/en\/wp-json\/wp\/v2\/pages"}],"about":[{"href":"https:\/\/expertlingua.ro\/en\/wp-json\/wp\/v2\/types\/page"}],"author":[{"embeddable":true,"href":"https:\/\/expertlingua.ro\/en\/wp-json\/wp\/v2\/users\/1"}],"replies":[{"embeddable":true,"href":"https:\/\/expertlingua.ro\/en\/wp-json\/wp\/v2\/comments?post=85"}],"version-history":[{"count":17,"href":"https:\/\/expertlingua.ro\/en\/wp-json\/wp\/v2\/pages\/85\/revisions"}],"predecessor-version":[{"id":391,"href":"https:\/\/expertlingua.ro\/en\/wp-json\/wp\/v2\/pages\/85\/revisions\/391"}],"up":[{"embeddable":true,"href":"https:\/\/expertlingua.ro\/en\/wp-json\/wp\/v2\/pages\/83"}],"wp:attachment":[{"href":"https:\/\/expertlingua.ro\/en\/wp-json\/wp\/v2\/media?parent=85"}],"curies":[{"name":"wp","href":"https:\/\/api.w.org\/{rel}","templated":true}]}}