{"id":61,"date":"2019-02-06T07:27:26","date_gmt":"2019-02-06T07:27:26","guid":{"rendered":"https:\/\/expertlingua.ro\/?page_id=61"},"modified":"2020-01-17T10:46:11","modified_gmt":"2020-01-17T10:46:11","slug":"de-ce-noi","status":"publish","type":"page","link":"https:\/\/expertlingua.ro\/en\/de-ce-noi\/","title":{"rendered":"WHY US ?"},"content":{"rendered":"<p>[vc_row css=&#8221;.vc_custom_1535526246775{margin-bottom: 8vh !important;}&#8221;][vc_column css=&#8221;.vc_custom_1508143071646{padding-top: 0px !important;}&#8221;]\n\t\t<div id=\"wd-5c651729c1af9\" class=\"title-wrapper  woodmart-title-color-primary woodmart-title-style-default woodmart-title-width-100 text-center woodmart-title-size-custom vc_custom_1550128947924\">\n\n\t\t\t\t\t\t\t<div class=\"title-subtitle  font-default subtitle-style-default woodmart-font-weight-\">EXPERTLINGUA<\/div>\n\t\t\t\n\t\t\t<div class=\"liner-continer\">\n\t\t\t\t<span class=\"left-line\"><\/span>\n\t\t\t\t <h4 class=\"woodmart-title-container title  woodmart-font-weight-600\" >High quality. Reliability. Trust.<\/h4>\t\t\t\t \t\t\t\t<span class=\"right-line\"><\/span>\n\t\t\t<\/div>\n\t\t\t\n\t\t\t\t\t\t\n\t\t\t\n\t\t<\/div>\n\t\t\n\t\t\t\t<div id=\"wd-5c5a8c7763926\" class=\"woodmart-timeline-wrapper woodmart-item-default woodmart-line-dashed\">\n\t\t\t\t\t\t\t<style>\n\t\t\t\t\t\n\t\t\t\t\t\t\t\t\t\/* *\/\n\t\t\t\t<\/style>\n\t\t\t\t\t\t<div class=\"woodmart-timeline-line\">\n\t\t\t\t<span class=\"line-dot dot-start\"><\/span>\n\t\t\t\t<span class=\"line-dot dot-end\"><\/span>\n\t\t\t<\/div>\n\t\t\t<div class=\"woodmart-timeline\">\n\t\t\t\t\t\t<div id=\"wd-5c5a8c8b0f4c4\" class=\"woodmart-timeline-breakpoint\">\n\t\t\t<span class=\"woodmart-timeline-breakpoint-title\">1<\/span> \n\t\t\t\t\t<\/div>\n\t\t\t\t<div id=\"wd-5c71125629905\" class=\"woodmart-timeline-item woodmart-item-position-left text-larger\">\n\n\t\t\t<div class=\"woodmart-timeline-dot\"><\/div>\n\n\t\t\t<div class=\"timeline-col timeline-col-primary\">\n\t\t\t\t<span class=\"timeline-arrow\"><\/span>\n\t\t\t\t\t\t\t\t<h4 class=\"woodmart-timeline-title\"><\/h4> \n\t\t\t\t<div class=\"woodmart-timeline-content reset-mb-10\"><\/p>\n<h2>We work with specialised translators only<\/h2>\n<p>Our translators, with an experience of at least 5 years, combine technical expertise with proven linguistic ability. <strong>Specialised teams<\/strong> of translators are carefully assembled using stringent quality selection criteria. Working with a team <strong>of translators specialised in your field<\/strong> guarantees <strong>the best results.<\/strong><\/div>\n\t\t\t<\/div>\n\n\t\t\t<div class=\"timeline-col timeline-col-secondary\">\t\n\t\t\t\t<span class=\"timeline-arrow\"><\/span>\n\t\t\t\t\t\t\t\t\t<div class=\"woodmart-timeline-image\" >\n\t\t\t\t\t\t<img loading=\"lazy\" decoding=\"async\" width=\"505\" height=\"323\" src=\"https:\/\/expertlingua.ro\/wp-content\/uploads\/2019\/02\/traducatori-specializati.jpg\" class=\"attachment-full\" alt=\"Expertlingua lucr\u0103m cu traduc\u0103tori specializa\u021bi\" srcset=\"https:\/\/expertlingua.ro\/wp-content\/uploads\/2019\/02\/traducatori-specializati.jpg 505w, https:\/\/expertlingua.ro\/wp-content\/uploads\/2019\/02\/traducatori-specializati-300x192.jpg 300w\" sizes=\"auto, (max-width: 505px) 100vw, 505px\" \/>\t\t\t\t\t<\/div>\n\t\t\t\t\t\t\t\t<h4 class=\"woodmart-timeline-title\"><\/h4> \n\t\t\t\t<div class=\"woodmart-timeline-content reset-mb-10\"><\/div>\n\t\t\t<\/div>\n\n\t\t\t\n\t\t<\/div>\n\t\t\t\t<div id=\"wd-5c5a8cc2f028d\" class=\"woodmart-timeline-breakpoint\">\n\t\t\t<span class=\"woodmart-timeline-breakpoint-title\">2<\/span> \n\t\t\t\t\t<\/div>\n\t\t\t\t<div id=\"wd-5c739f3cd4a88\" class=\"woodmart-timeline-item woodmart-item-position-right text-larger\">\n\n\t\t\t<div class=\"woodmart-timeline-dot\"><\/div>\n\n\t\t\t<div class=\"timeline-col timeline-col-primary\">\n\t\t\t\t<span class=\"timeline-arrow\"><\/span>\n\t\t\t\t\t\t\t\t<h4 class=\"woodmart-timeline-title\"><\/h4> \n\t\t\t\t<div class=\"woodmart-timeline-content reset-mb-10\"><\/p>\n<h2>We use the latest technology<\/h2>\n<p>We use <strong>professional translation technology<\/strong>, a big help in completing your project on time and within the budget. We believe our precise combination of knowledge, skill and revolutionary technologies enables us to deliver optimum results for each project. We wish to deliver a <strong>fast and efficient service<\/strong> and for that we use multiple computer-aided translation tools (CAT tools), term base editors and LQA tools. These tools speed up the translation process and ensure <strong>terminological consistency and high quality translations<\/strong>.<\/div>\n\t\t\t<\/div>\n\n\t\t\t<div class=\"timeline-col timeline-col-secondary\">\t\n\t\t\t\t<span class=\"timeline-arrow\"><\/span>\n\t\t\t\t\t\t\t\t\t<div class=\"woodmart-timeline-image\" >\n\t\t\t\t\t\t<img loading=\"lazy\" decoding=\"async\" width=\"505\" height=\"323\" src=\"https:\/\/expertlingua.ro\/wp-content\/uploads\/2019\/02\/cea-mai-noua-tehnologie.jpg\" class=\"attachment-full\" alt=\"Expertlingua folosim cea mai noua tehnologie din domeniu\" srcset=\"https:\/\/expertlingua.ro\/wp-content\/uploads\/2019\/02\/cea-mai-noua-tehnologie.jpg 505w, https:\/\/expertlingua.ro\/wp-content\/uploads\/2019\/02\/cea-mai-noua-tehnologie-300x192.jpg 300w\" sizes=\"auto, (max-width: 505px) 100vw, 505px\" \/>\t\t\t\t\t<\/div>\n\t\t\t\t\t\t\t\t<h4 class=\"woodmart-timeline-title\"><\/h4> \n\t\t\t\t<div class=\"woodmart-timeline-content reset-mb-10\"><\/div>\n\t\t\t<\/div>\n\n\t\t\t\n\t\t<\/div>\n\t\t\t\t<div id=\"wd-5c5a8cc96bd1a\" class=\"woodmart-timeline-breakpoint\">\n\t\t\t<span class=\"woodmart-timeline-breakpoint-title\">3<\/span> \n\t\t\t\t\t<\/div>\n\t\t\t\t<div id=\"wd-5c739fcdd13bd\" class=\"woodmart-timeline-item woodmart-item-position-left text-larger\">\n\n\t\t\t<div class=\"woodmart-timeline-dot\"><\/div>\n\n\t\t\t<div class=\"timeline-col timeline-col-primary\">\n\t\t\t\t<span class=\"timeline-arrow\"><\/span>\n\t\t\t\t\t\t\t\t<h4 class=\"woodmart-timeline-title\"><\/h4> \n\t\t\t\t<div class=\"woodmart-timeline-content reset-mb-10\"><\/p>\n<h2>We are excellent communicators<\/h2>\n<p>We believe in communication and transparency, so as to provide you with the best customer support. Having one of <strong>our experts<\/strong> on hand to <strong>advise and assist you<\/strong> every step of the way means your problems can be easily turned into solutions. We are proud to provide <strong>excellent customer service<\/strong> and we value long-term partnerships.<\/div>\n\t\t\t<\/div>\n\n\t\t\t<div class=\"timeline-col timeline-col-secondary\">\t\n\t\t\t\t<span class=\"timeline-arrow\"><\/span>\n\t\t\t\t\t\t\t\t\t<div class=\"woodmart-timeline-image\" >\n\t\t\t\t\t\t<img loading=\"lazy\" decoding=\"async\" width=\"505\" height=\"323\" src=\"https:\/\/expertlingua.ro\/wp-content\/uploads\/2019\/02\/comunicam-excelent.jpg\" class=\"attachment-full\" alt=\"Expertlingua comunic\u0103m excelent\" srcset=\"https:\/\/expertlingua.ro\/wp-content\/uploads\/2019\/02\/comunicam-excelent.jpg 505w, https:\/\/expertlingua.ro\/wp-content\/uploads\/2019\/02\/comunicam-excelent-300x192.jpg 300w\" sizes=\"auto, (max-width: 505px) 100vw, 505px\" \/>\t\t\t\t\t<\/div>\n\t\t\t\t\t\t\t\t<h4 class=\"woodmart-timeline-title\"><\/h4> \n\t\t\t\t<div class=\"woodmart-timeline-content reset-mb-10\"><\/div>\n\t\t\t<\/div>\n\n\t\t\t\n\t\t<\/div>\n\t\t\t\t<div id=\"wd-5c5a8cd6e4e96\" class=\"woodmart-timeline-breakpoint\">\n\t\t\t<span class=\"woodmart-timeline-breakpoint-title\">4<\/span> \n\t\t\t\t\t<\/div>\n\t\t\t\t<div id=\"wd-5c73a06016fa6\" class=\"woodmart-timeline-item woodmart-item-position-right text-larger\">\n\n\t\t\t<div class=\"woodmart-timeline-dot\"><\/div>\n\n\t\t\t<div class=\"timeline-col timeline-col-primary\">\n\t\t\t\t<span class=\"timeline-arrow\"><\/span>\n\t\t\t\t\t\t\t\t<h4 class=\"woodmart-timeline-title\"><\/h4> \n\t\t\t\t<div class=\"woodmart-timeline-content reset-mb-10\"><\/p>\n<h2>We always meet our deadlines<\/h2>\n<p>Meeting the deadlines is very important to us. In our effort to <strong>always keep our promises<\/strong>, we do not hesitate to start early and work late when needed.<\/div>\n\t\t\t<\/div>\n\n\t\t\t<div class=\"timeline-col timeline-col-secondary\">\t\n\t\t\t\t<span class=\"timeline-arrow\"><\/span>\n\t\t\t\t\t\t\t\t\t<div class=\"woodmart-timeline-image\" >\n\t\t\t\t\t\t<img loading=\"lazy\" decoding=\"async\" width=\"505\" height=\"323\" src=\"https:\/\/expertlingua.ro\/wp-content\/uploads\/2019\/02\/termenele-1.jpg\" class=\"attachment-full\" alt=\"Ne respect\u0103m \u00eentotdeauna termenele\" srcset=\"https:\/\/expertlingua.ro\/wp-content\/uploads\/2019\/02\/termenele-1.jpg 505w, https:\/\/expertlingua.ro\/wp-content\/uploads\/2019\/02\/termenele-1-300x192.jpg 300w\" sizes=\"auto, (max-width: 505px) 100vw, 505px\" \/>\t\t\t\t\t<\/div>\n\t\t\t\t\t\t\t\t<h4 class=\"woodmart-timeline-title\"><\/h4> \n\t\t\t\t<div class=\"woodmart-timeline-content reset-mb-10\"><\/div>\n\t\t\t<\/div>\n\n\t\t\t\n\t\t<\/div>\n\t\t\t\t\t<\/div>\n\t\t<\/div>\n\t\t[\/vc_column][\/vc_row]<\/p>\n","protected":false},"excerpt":{"rendered":"<p>[vc_row css=&#8221;.vc_custom_1535526246775{margin-bottom: 8vh !important;}&#8221;][vc_column css=&#8221;.vc_custom_1508143071646{padding-top: 0px !important;}&#8221;][\/vc_column][\/vc_row]<\/p>\n","protected":false},"author":1,"featured_media":0,"parent":0,"menu_order":0,"comment_status":"closed","ping_status":"closed","template":"","meta":{"footnotes":""},"class_list":["post-61","page","type-page","status-publish","hentry"],"yoast_head":"<!-- This site is optimized with the Yoast SEO plugin v24.9 - https:\/\/yoast.com\/wordpress\/plugins\/seo\/ -->\n<title>De ce noi ? - Expertlingua | Calitate. Responsabilitate. \u00cencredere.<\/title>\n<meta name=\"description\" content=\"Expertlingua - Lucr\u0103m cu traduc\u0103tori specializa\u021bi. Folosim cea mai noua tehnologie din domeniu. Comunic\u0103m excelent. Ne respect\u0103m \u00eentotdeauna termenele.\" \/>\n<meta name=\"robots\" content=\"index, follow, max-snippet:-1, max-image-preview:large, max-video-preview:-1\" \/>\n<link rel=\"canonical\" href=\"https:\/\/expertlingua.ro\/de-ce-noi\/\" \/>\n<meta property=\"og:locale\" content=\"en_US\" \/>\n<meta property=\"og:type\" content=\"article\" \/>\n<meta property=\"og:title\" content=\"De ce noi ? - Expertlingua | Calitate. Responsabilitate. \u00cencredere.\" \/>\n<meta property=\"og:description\" content=\"Expertlingua - Lucr\u0103m cu traduc\u0103tori specializa\u021bi. Folosim cea mai noua tehnologie din domeniu. Comunic\u0103m excelent. Ne respect\u0103m \u00eentotdeauna termenele.\" \/>\n<meta property=\"og:url\" content=\"https:\/\/expertlingua.ro\/de-ce-noi\/\" \/>\n<meta property=\"og:site_name\" content=\"Expertlingua\" \/>\n<meta property=\"article:publisher\" content=\"https:\/\/www.facebook.com\/pg\/Expertlingua-294752101188783\" \/>\n<meta property=\"article:modified_time\" content=\"2020-01-17T10:46:11+00:00\" \/>\n<meta name=\"twitter:card\" content=\"summary_large_image\" \/>\n<meta name=\"twitter:label1\" content=\"Est. reading time\" \/>\n\t<meta name=\"twitter:data1\" content=\"4 minutes\" \/>\n<script type=\"application\/ld+json\" class=\"yoast-schema-graph\">{\"@context\":\"https:\/\/schema.org\",\"@graph\":[{\"@type\":\"WebPage\",\"@id\":\"https:\/\/expertlingua.ro\/de-ce-noi\/\",\"url\":\"https:\/\/expertlingua.ro\/de-ce-noi\/\",\"name\":\"De ce noi ? - Expertlingua | Calitate. Responsabilitate. \u00cencredere.\",\"isPartOf\":{\"@id\":\"https:\/\/expertlingua.ro\/#website\"},\"datePublished\":\"2019-02-06T07:27:26+00:00\",\"dateModified\":\"2020-01-17T10:46:11+00:00\",\"description\":\"Expertlingua - Lucr\u0103m cu traduc\u0103tori specializa\u021bi. Folosim cea mai noua tehnologie din domeniu. Comunic\u0103m excelent. Ne respect\u0103m \u00eentotdeauna termenele.\",\"breadcrumb\":{\"@id\":\"https:\/\/expertlingua.ro\/de-ce-noi\/#breadcrumb\"},\"inLanguage\":\"en-US\",\"potentialAction\":[{\"@type\":\"ReadAction\",\"target\":[\"https:\/\/expertlingua.ro\/de-ce-noi\/\"]}]},{\"@type\":\"BreadcrumbList\",\"@id\":\"https:\/\/expertlingua.ro\/de-ce-noi\/#breadcrumb\",\"itemListElement\":[{\"@type\":\"ListItem\",\"position\":1,\"name\":\"Prima pagin\u0103\",\"item\":\"https:\/\/expertlingua.ro\/\"},{\"@type\":\"ListItem\",\"position\":2,\"name\":\"De ce noi ?\"}]},{\"@type\":\"WebSite\",\"@id\":\"https:\/\/expertlingua.ro\/#website\",\"url\":\"https:\/\/expertlingua.ro\/\",\"name\":\"Expertlingua\",\"description\":\"Traduceri\",\"publisher\":{\"@id\":\"https:\/\/expertlingua.ro\/#organization\"},\"potentialAction\":[{\"@type\":\"SearchAction\",\"target\":{\"@type\":\"EntryPoint\",\"urlTemplate\":\"https:\/\/expertlingua.ro\/?s={search_term_string}\"},\"query-input\":{\"@type\":\"PropertyValueSpecification\",\"valueRequired\":true,\"valueName\":\"search_term_string\"}}],\"inLanguage\":\"en-US\"},{\"@type\":\"Organization\",\"@id\":\"https:\/\/expertlingua.ro\/#organization\",\"name\":\"ExpertLingua\",\"url\":\"https:\/\/expertlingua.ro\/\",\"logo\":{\"@type\":\"ImageObject\",\"inLanguage\":\"en-US\",\"@id\":\"https:\/\/expertlingua.ro\/#\/schema\/logo\/image\/\",\"url\":\"https:\/\/expertlingua.ro\/wp-content\/uploads\/2019\/02\/expertlingua-logo.png\",\"contentUrl\":\"https:\/\/expertlingua.ro\/wp-content\/uploads\/2019\/02\/expertlingua-logo.png\",\"width\":219,\"height\":50,\"caption\":\"ExpertLingua\"},\"image\":{\"@id\":\"https:\/\/expertlingua.ro\/#\/schema\/logo\/image\/\"},\"sameAs\":[\"https:\/\/www.facebook.com\/pg\/Expertlingua-294752101188783\"]}]}<\/script>\n<!-- \/ Yoast SEO plugin. -->","yoast_head_json":{"title":"De ce noi ? - Expertlingua | Calitate. Responsabilitate. \u00cencredere.","description":"Expertlingua - Lucr\u0103m cu traduc\u0103tori specializa\u021bi. Folosim cea mai noua tehnologie din domeniu. Comunic\u0103m excelent. Ne respect\u0103m \u00eentotdeauna termenele.","robots":{"index":"index","follow":"follow","max-snippet":"max-snippet:-1","max-image-preview":"max-image-preview:large","max-video-preview":"max-video-preview:-1"},"canonical":"https:\/\/expertlingua.ro\/de-ce-noi\/","og_locale":"en_US","og_type":"article","og_title":"De ce noi ? - Expertlingua | Calitate. Responsabilitate. \u00cencredere.","og_description":"Expertlingua - Lucr\u0103m cu traduc\u0103tori specializa\u021bi. Folosim cea mai noua tehnologie din domeniu. Comunic\u0103m excelent. Ne respect\u0103m \u00eentotdeauna termenele.","og_url":"https:\/\/expertlingua.ro\/de-ce-noi\/","og_site_name":"Expertlingua","article_publisher":"https:\/\/www.facebook.com\/pg\/Expertlingua-294752101188783","article_modified_time":"2020-01-17T10:46:11+00:00","twitter_card":"summary_large_image","twitter_misc":{"Est. reading time":"4 minutes"},"schema":{"@context":"https:\/\/schema.org","@graph":[{"@type":"WebPage","@id":"https:\/\/expertlingua.ro\/de-ce-noi\/","url":"https:\/\/expertlingua.ro\/de-ce-noi\/","name":"De ce noi ? - Expertlingua | Calitate. Responsabilitate. \u00cencredere.","isPartOf":{"@id":"https:\/\/expertlingua.ro\/#website"},"datePublished":"2019-02-06T07:27:26+00:00","dateModified":"2020-01-17T10:46:11+00:00","description":"Expertlingua - Lucr\u0103m cu traduc\u0103tori specializa\u021bi. Folosim cea mai noua tehnologie din domeniu. Comunic\u0103m excelent. Ne respect\u0103m \u00eentotdeauna termenele.","breadcrumb":{"@id":"https:\/\/expertlingua.ro\/de-ce-noi\/#breadcrumb"},"inLanguage":"en-US","potentialAction":[{"@type":"ReadAction","target":["https:\/\/expertlingua.ro\/de-ce-noi\/"]}]},{"@type":"BreadcrumbList","@id":"https:\/\/expertlingua.ro\/de-ce-noi\/#breadcrumb","itemListElement":[{"@type":"ListItem","position":1,"name":"Prima pagin\u0103","item":"https:\/\/expertlingua.ro\/"},{"@type":"ListItem","position":2,"name":"De ce noi ?"}]},{"@type":"WebSite","@id":"https:\/\/expertlingua.ro\/#website","url":"https:\/\/expertlingua.ro\/","name":"Expertlingua","description":"Traduceri","publisher":{"@id":"https:\/\/expertlingua.ro\/#organization"},"potentialAction":[{"@type":"SearchAction","target":{"@type":"EntryPoint","urlTemplate":"https:\/\/expertlingua.ro\/?s={search_term_string}"},"query-input":{"@type":"PropertyValueSpecification","valueRequired":true,"valueName":"search_term_string"}}],"inLanguage":"en-US"},{"@type":"Organization","@id":"https:\/\/expertlingua.ro\/#organization","name":"ExpertLingua","url":"https:\/\/expertlingua.ro\/","logo":{"@type":"ImageObject","inLanguage":"en-US","@id":"https:\/\/expertlingua.ro\/#\/schema\/logo\/image\/","url":"https:\/\/expertlingua.ro\/wp-content\/uploads\/2019\/02\/expertlingua-logo.png","contentUrl":"https:\/\/expertlingua.ro\/wp-content\/uploads\/2019\/02\/expertlingua-logo.png","width":219,"height":50,"caption":"ExpertLingua"},"image":{"@id":"https:\/\/expertlingua.ro\/#\/schema\/logo\/image\/"},"sameAs":["https:\/\/www.facebook.com\/pg\/Expertlingua-294752101188783"]}]}},"_links":{"self":[{"href":"https:\/\/expertlingua.ro\/en\/wp-json\/wp\/v2\/pages\/61","targetHints":{"allow":["GET"]}}],"collection":[{"href":"https:\/\/expertlingua.ro\/en\/wp-json\/wp\/v2\/pages"}],"about":[{"href":"https:\/\/expertlingua.ro\/en\/wp-json\/wp\/v2\/types\/page"}],"author":[{"embeddable":true,"href":"https:\/\/expertlingua.ro\/en\/wp-json\/wp\/v2\/users\/1"}],"replies":[{"embeddable":true,"href":"https:\/\/expertlingua.ro\/en\/wp-json\/wp\/v2\/comments?post=61"}],"version-history":[{"count":32,"href":"https:\/\/expertlingua.ro\/en\/wp-json\/wp\/v2\/pages\/61\/revisions"}],"predecessor-version":[{"id":429,"href":"https:\/\/expertlingua.ro\/en\/wp-json\/wp\/v2\/pages\/61\/revisions\/429"}],"wp:attachment":[{"href":"https:\/\/expertlingua.ro\/en\/wp-json\/wp\/v2\/media?parent=61"}],"curies":[{"name":"wp","href":"https:\/\/api.w.org\/{rel}","templated":true}]}}