{"id":42,"date":"2019-02-06T06:42:43","date_gmt":"2019-02-06T06:42:43","guid":{"rendered":"https:\/\/expertlingua.ro\/?page_id=42"},"modified":"2019-03-06T09:25:56","modified_gmt":"2019-03-06T09:25:56","slug":"cerere-oferta","status":"publish","type":"page","link":"https:\/\/expertlingua.ro\/en\/cerere-oferta\/","title":{"rendered":"Request a quote"},"content":{"rendered":"\n<div class=\"wpcf7 no-js\" id=\"wpcf7-f342-o1\" lang=\"ro-RO\" dir=\"ltr\">\n<div class=\"screen-reader-response\"><p role=\"status\" aria-live=\"polite\" aria-atomic=\"true\"><\/p> <ul><\/ul><\/div>\n<form action=\"\/en\/wp-json\/wp\/v2\/pages\/42#wpcf7-f342-o1\" method=\"post\" class=\"wpcf7-form init\" aria-label=\"Formular de contact\" novalidate=\"novalidate\" data-status=\"init\">\n<div style=\"display: none;\">\n<input type=\"hidden\" name=\"_wpcf7\" value=\"342\" \/>\n<input type=\"hidden\" name=\"_wpcf7_version\" value=\"5.7.7\" \/>\n<input type=\"hidden\" name=\"_wpcf7_locale\" value=\"ro_RO\" \/>\n<input type=\"hidden\" name=\"_wpcf7_unit_tag\" value=\"wpcf7-f342-o1\" \/>\n<input type=\"hidden\" name=\"_wpcf7_container_post\" value=\"0\" \/>\n<input type=\"hidden\" name=\"_wpcf7_posted_data_hash\" value=\"\" \/>\n<input type=\"hidden\" name=\"_wpcf7cf_hidden_group_fields\" value=\"[]\" \/>\n<input type=\"hidden\" name=\"_wpcf7cf_hidden_groups\" value=\"[]\" \/>\n<input type=\"hidden\" name=\"_wpcf7cf_visible_groups\" value=\"[]\" \/>\n<input type=\"hidden\" name=\"_wpcf7cf_repeaters\" value=\"[]\" \/>\n<input type=\"hidden\" name=\"_wpcf7cf_steps\" value=\"{}\" \/>\n<input type=\"hidden\" name=\"_wpcf7cf_options\" value=\"{&quot;form_id&quot;:342,&quot;conditions&quot;:[],&quot;settings&quot;:{&quot;animation&quot;:&quot;yes&quot;,&quot;animation_intime&quot;:200,&quot;animation_outtime&quot;:200,&quot;conditions_ui&quot;:&quot;normal&quot;,&quot;notice_dismissed&quot;:false}}\" \/>\n<\/div>\n<div class=\"row\">\n\t<div class=\"col-md-12\">\n\t\t<p><label> Company<br \/>\n<span class=\"wpcf7-form-control-wrap\" data-name=\"companie\"><input size=\"40\" class=\"wpcf7-form-control wpcf7-text\" aria-invalid=\"false\" value=\"\" type=\"text\" name=\"companie\" \/><\/span> <\/label>\n\t\t<\/p>\n\t<\/div>\n\t<div class=\"col-md-3\">\n\t\t<p><label> Surname*<br \/>\n<span class=\"wpcf7-form-control-wrap\" data-name=\"your-name\"><input size=\"40\" class=\"wpcf7-form-control wpcf7-text wpcf7-validates-as-required\" aria-required=\"true\" aria-invalid=\"false\" value=\"\" type=\"text\" name=\"your-name\" \/><\/span> <\/label>\n\t\t<\/p>\n\t<\/div>\n\t<div class=\"col-md-3\">\n\t\t<p><label>Given name*<br \/>\n<span class=\"wpcf7-form-control-wrap\" data-name=\"your-name\"><input size=\"40\" class=\"wpcf7-form-control wpcf7-text wpcf7-validates-as-required\" aria-required=\"true\" aria-invalid=\"false\" value=\"\" type=\"text\" name=\"your-name\" \/><\/span> <\/label>\n\t\t<\/p>\n\t<\/div>\n\t<div class=\"col-md-3\">\n\t\t<p><label> Email*<br \/>\n<span class=\"wpcf7-form-control-wrap\" data-name=\"your-email\"><input size=\"40\" class=\"wpcf7-form-control wpcf7-text wpcf7-email wpcf7-validates-as-required wpcf7-validates-as-email\" aria-required=\"true\" aria-invalid=\"false\" value=\"\" type=\"email\" name=\"your-email\" \/><\/span> <\/label>\n\t\t<\/p>\n\t<\/div>\n\t<div class=\"col-md-3\">\n\t\t<p><label> Phone number*<br \/>\n<span class=\"wpcf7-form-control-wrap\" data-name=\"telefon\"><input size=\"40\" class=\"wpcf7-form-control wpcf7-text wpcf7-validates-as-required\" aria-required=\"true\" aria-invalid=\"false\" value=\"\" type=\"text\" name=\"telefon\" \/><\/span> <\/label>\n\t\t<\/p>\n\t<\/div>\n<\/div>\n<div class=\"row\">\n\t<div class=\"col-md-6\">\n\t\t<p><label> Source language*<br \/>\n<span class=\"wpcf7-form-control-wrap\" data-name=\"sursa\"><input size=\"40\" class=\"wpcf7-form-control wpcf7-text wpcf7-validates-as-required\" aria-required=\"true\" aria-invalid=\"false\" value=\"\" type=\"text\" name=\"sursa\" \/><\/span> <\/label>\n\t\t<\/p>\n\t<\/div>\n\t<div class=\"col-md-6\">\n\t\t<p><label> Target language*<br \/>\n<span class=\"wpcf7-form-control-wrap\" data-name=\"tinta\"><input size=\"40\" class=\"wpcf7-form-control wpcf7-text wpcf7-validates-as-required\" aria-required=\"true\" aria-invalid=\"false\" value=\"\" type=\"text\" name=\"tinta\" \/><\/span> <\/label>\n\t\t<\/p>\n\t<\/div>\n\t<div class=\"col-md-6\">\n\t\t<p><label>Deadline<br \/>\n<span class=\"wpcf7-form-control-wrap\" data-name=\"livrare\"><input size=\"40\" class=\"wpcf7-form-control wpcf7-text\" aria-invalid=\"false\" value=\"\" type=\"text\" name=\"livrare\" \/><\/span> <\/label>\n\t\t<\/p>\n\t<\/div>\n\t<div class=\"col-md-6\">\n\t\t<p><label>No. of words\/No. of characters no spaces<br \/>\n<span class=\"wpcf7-form-control-wrap\" data-name=\"cuvinte\"><input size=\"40\" class=\"wpcf7-form-control wpcf7-text\" aria-invalid=\"false\" value=\"\" type=\"text\" name=\"cuvinte\" \/><\/span> <\/label>\n\t\t<\/p>\n\t<\/div>\n\t<div class=\"col-md-12\">\n\t\t<p>Upload file(s)<br \/>\n<span class=\"wpcf7-form-control-wrap\" data-name=\"upload-file-901\"><input size=\"40\" class=\"wpcf7-form-control wpcf7-drag-n-drop-file d-none\" aria-invalid=\"false\" type=\"file\" multiple=\"multiple\" data-name=\"upload-file-901\" data-id=\"342\" data-version=\"free version 1.3.9.7\" accept=\".\" \/><\/span>\n\t\t<\/p>\n\t<\/div>\n<\/div>\n<div class=\"col-md-12\">\n\t<p>Message<br \/>\n<span class=\"wpcf7-form-control-wrap\" data-name=\"textarea-363\"><textarea cols=\"40\" rows=\"10\" class=\"wpcf7-form-control wpcf7-textarea\" aria-invalid=\"false\" name=\"textarea-363\"><\/textarea><\/span>\n\t<\/p>\n<\/div>\n<div class=\"row\">\n\t<div class=\"col-md-12\">\n\t\t<p><span class=\"wpcf7-form-control-wrap\" data-name=\"checkbox-583\"><span class=\"wpcf7-form-control wpcf7-checkbox wpcf7-validates-as-required\"><span class=\"wpcf7-list-item first last\"><input type=\"checkbox\" name=\"checkbox-583[]\" value=\"I confirm that I have read and understood the information concerning my personal data. I hereby give my consent to the processing of my personal data.\" \/><span class=\"wpcf7-list-item-label\">I confirm that I have read and understood the information concerning my personal data. I hereby give my consent to the processing of my personal data.<\/span><\/span><\/span><\/span><a href=\"https:\/\/expertlingua.ro\/protectia-datelor\/\">Read the data protection information<\/a>\n\t\t<\/p>\n\t<\/div>\n\t<div class=\"col-md-12\" style=\"text-align:center;\">\n\t\t<p><input class=\"wpcf7-form-control has-spinner wpcf7-submit\" type=\"submit\" value=\"Send\" \/>\n\t\t<\/p>\n\t<\/div>\n<\/div><p style=\"display: none !important;\" class=\"akismet-fields-container\" data-prefix=\"_wpcf7_ak_\"><label>&#916;<textarea name=\"_wpcf7_ak_hp_textarea\" cols=\"45\" rows=\"8\" maxlength=\"100\"><\/textarea><\/label><input type=\"hidden\" id=\"ak_js_1\" name=\"_wpcf7_ak_js\" value=\"22\"\/><script>document.getElementById( \"ak_js_1\" ).setAttribute( \"value\", ( new Date() ).getTime() );<\/script><\/p><div class=\"wpcf7-response-output\" aria-hidden=\"true\"><\/div>\n<\/form>\n<\/div>\n\n","protected":false},"excerpt":{"rendered":"Company Surname* Given name* Email* Phone number* Source language* Target language* Deadline No. of words\/No. of characters no spaces Upload","protected":false},"author":1,"featured_media":0,"parent":0,"menu_order":0,"comment_status":"closed","ping_status":"closed","template":"","meta":{"footnotes":""},"class_list":["post-42","page","type-page","status-publish","hentry"],"yoast_head":"<!-- This site is optimized with the Yoast SEO plugin v24.9 - https:\/\/yoast.com\/wordpress\/plugins\/seo\/ -->\n<title>Cerere de ofert\u0103 traducere urgent\u0103, legalizat\u0103, specializat\u0103 - Expertlingua<\/title>\n<meta name=\"description\" content=\"Ofert\u0103 Expertlingua - 5% discount de bun venit! V\u0103 oferim o calitate excep\u021bional\u0103, o livrare eficient\u0103 \u0219i cele mai bune condi\u021bii financiare.\" \/>\n<meta name=\"robots\" content=\"index, follow, max-snippet:-1, max-image-preview:large, max-video-preview:-1\" \/>\n<link rel=\"canonical\" href=\"https:\/\/expertlingua.ro\/cerere-oferta\/\" \/>\n<meta property=\"og:locale\" content=\"en_US\" \/>\n<meta property=\"og:type\" content=\"article\" \/>\n<meta property=\"og:title\" content=\"Cerere de ofert\u0103 traducere urgent\u0103, legalizat\u0103, specializat\u0103 - Expertlingua\" \/>\n<meta property=\"og:description\" content=\"Ofert\u0103 Expertlingua - 5% discount de bun venit! V\u0103 oferim o calitate excep\u021bional\u0103, o livrare eficient\u0103 \u0219i cele mai bune condi\u021bii financiare.\" \/>\n<meta property=\"og:url\" content=\"https:\/\/expertlingua.ro\/cerere-oferta\/\" \/>\n<meta property=\"og:site_name\" content=\"Expertlingua\" \/>\n<meta property=\"article:publisher\" content=\"https:\/\/www.facebook.com\/pg\/Expertlingua-294752101188783\" \/>\n<meta property=\"article:modified_time\" content=\"2019-03-06T09:25:56+00:00\" \/>\n<meta name=\"twitter:card\" content=\"summary_large_image\" \/>\n<script type=\"application\/ld+json\" class=\"yoast-schema-graph\">{\"@context\":\"https:\/\/schema.org\",\"@graph\":[{\"@type\":\"WebPage\",\"@id\":\"https:\/\/expertlingua.ro\/cerere-oferta\/\",\"url\":\"https:\/\/expertlingua.ro\/cerere-oferta\/\",\"name\":\"Cerere de ofert\u0103 traducere urgent\u0103, legalizat\u0103, specializat\u0103 - Expertlingua\",\"isPartOf\":{\"@id\":\"https:\/\/expertlingua.ro\/#website\"},\"datePublished\":\"2019-02-06T06:42:43+00:00\",\"dateModified\":\"2019-03-06T09:25:56+00:00\",\"description\":\"Ofert\u0103 Expertlingua - 5% discount de bun venit! V\u0103 oferim o calitate excep\u021bional\u0103, o livrare eficient\u0103 \u0219i cele mai bune condi\u021bii financiare.\",\"breadcrumb\":{\"@id\":\"https:\/\/expertlingua.ro\/cerere-oferta\/#breadcrumb\"},\"inLanguage\":\"en-US\",\"potentialAction\":[{\"@type\":\"ReadAction\",\"target\":[\"https:\/\/expertlingua.ro\/cerere-oferta\/\"]}]},{\"@type\":\"BreadcrumbList\",\"@id\":\"https:\/\/expertlingua.ro\/cerere-oferta\/#breadcrumb\",\"itemListElement\":[{\"@type\":\"ListItem\",\"position\":1,\"name\":\"Prima pagin\u0103\",\"item\":\"https:\/\/expertlingua.ro\/\"},{\"@type\":\"ListItem\",\"position\":2,\"name\":\"Cerere de ofert\u0103\"}]},{\"@type\":\"WebSite\",\"@id\":\"https:\/\/expertlingua.ro\/#website\",\"url\":\"https:\/\/expertlingua.ro\/\",\"name\":\"Expertlingua\",\"description\":\"Traduceri\",\"publisher\":{\"@id\":\"https:\/\/expertlingua.ro\/#organization\"},\"potentialAction\":[{\"@type\":\"SearchAction\",\"target\":{\"@type\":\"EntryPoint\",\"urlTemplate\":\"https:\/\/expertlingua.ro\/?s={search_term_string}\"},\"query-input\":{\"@type\":\"PropertyValueSpecification\",\"valueRequired\":true,\"valueName\":\"search_term_string\"}}],\"inLanguage\":\"en-US\"},{\"@type\":\"Organization\",\"@id\":\"https:\/\/expertlingua.ro\/#organization\",\"name\":\"ExpertLingua\",\"url\":\"https:\/\/expertlingua.ro\/\",\"logo\":{\"@type\":\"ImageObject\",\"inLanguage\":\"en-US\",\"@id\":\"https:\/\/expertlingua.ro\/#\/schema\/logo\/image\/\",\"url\":\"https:\/\/expertlingua.ro\/wp-content\/uploads\/2019\/02\/expertlingua-logo.png\",\"contentUrl\":\"https:\/\/expertlingua.ro\/wp-content\/uploads\/2019\/02\/expertlingua-logo.png\",\"width\":219,\"height\":50,\"caption\":\"ExpertLingua\"},\"image\":{\"@id\":\"https:\/\/expertlingua.ro\/#\/schema\/logo\/image\/\"},\"sameAs\":[\"https:\/\/www.facebook.com\/pg\/Expertlingua-294752101188783\"]}]}<\/script>\n<!-- \/ Yoast SEO plugin. -->","yoast_head_json":{"title":"Cerere de ofert\u0103 traducere urgent\u0103, legalizat\u0103, specializat\u0103 - Expertlingua","description":"Ofert\u0103 Expertlingua - 5% discount de bun venit! V\u0103 oferim o calitate excep\u021bional\u0103, o livrare eficient\u0103 \u0219i cele mai bune condi\u021bii financiare.","robots":{"index":"index","follow":"follow","max-snippet":"max-snippet:-1","max-image-preview":"max-image-preview:large","max-video-preview":"max-video-preview:-1"},"canonical":"https:\/\/expertlingua.ro\/cerere-oferta\/","og_locale":"en_US","og_type":"article","og_title":"Cerere de ofert\u0103 traducere urgent\u0103, legalizat\u0103, specializat\u0103 - Expertlingua","og_description":"Ofert\u0103 Expertlingua - 5% discount de bun venit! V\u0103 oferim o calitate excep\u021bional\u0103, o livrare eficient\u0103 \u0219i cele mai bune condi\u021bii financiare.","og_url":"https:\/\/expertlingua.ro\/cerere-oferta\/","og_site_name":"Expertlingua","article_publisher":"https:\/\/www.facebook.com\/pg\/Expertlingua-294752101188783","article_modified_time":"2019-03-06T09:25:56+00:00","twitter_card":"summary_large_image","schema":{"@context":"https:\/\/schema.org","@graph":[{"@type":"WebPage","@id":"https:\/\/expertlingua.ro\/cerere-oferta\/","url":"https:\/\/expertlingua.ro\/cerere-oferta\/","name":"Cerere de ofert\u0103 traducere urgent\u0103, legalizat\u0103, specializat\u0103 - Expertlingua","isPartOf":{"@id":"https:\/\/expertlingua.ro\/#website"},"datePublished":"2019-02-06T06:42:43+00:00","dateModified":"2019-03-06T09:25:56+00:00","description":"Ofert\u0103 Expertlingua - 5% discount de bun venit! V\u0103 oferim o calitate excep\u021bional\u0103, o livrare eficient\u0103 \u0219i cele mai bune condi\u021bii financiare.","breadcrumb":{"@id":"https:\/\/expertlingua.ro\/cerere-oferta\/#breadcrumb"},"inLanguage":"en-US","potentialAction":[{"@type":"ReadAction","target":["https:\/\/expertlingua.ro\/cerere-oferta\/"]}]},{"@type":"BreadcrumbList","@id":"https:\/\/expertlingua.ro\/cerere-oferta\/#breadcrumb","itemListElement":[{"@type":"ListItem","position":1,"name":"Prima pagin\u0103","item":"https:\/\/expertlingua.ro\/"},{"@type":"ListItem","position":2,"name":"Cerere de ofert\u0103"}]},{"@type":"WebSite","@id":"https:\/\/expertlingua.ro\/#website","url":"https:\/\/expertlingua.ro\/","name":"Expertlingua","description":"Traduceri","publisher":{"@id":"https:\/\/expertlingua.ro\/#organization"},"potentialAction":[{"@type":"SearchAction","target":{"@type":"EntryPoint","urlTemplate":"https:\/\/expertlingua.ro\/?s={search_term_string}"},"query-input":{"@type":"PropertyValueSpecification","valueRequired":true,"valueName":"search_term_string"}}],"inLanguage":"en-US"},{"@type":"Organization","@id":"https:\/\/expertlingua.ro\/#organization","name":"ExpertLingua","url":"https:\/\/expertlingua.ro\/","logo":{"@type":"ImageObject","inLanguage":"en-US","@id":"https:\/\/expertlingua.ro\/#\/schema\/logo\/image\/","url":"https:\/\/expertlingua.ro\/wp-content\/uploads\/2019\/02\/expertlingua-logo.png","contentUrl":"https:\/\/expertlingua.ro\/wp-content\/uploads\/2019\/02\/expertlingua-logo.png","width":219,"height":50,"caption":"ExpertLingua"},"image":{"@id":"https:\/\/expertlingua.ro\/#\/schema\/logo\/image\/"},"sameAs":["https:\/\/www.facebook.com\/pg\/Expertlingua-294752101188783"]}]}},"_links":{"self":[{"href":"https:\/\/expertlingua.ro\/en\/wp-json\/wp\/v2\/pages\/42","targetHints":{"allow":["GET"]}}],"collection":[{"href":"https:\/\/expertlingua.ro\/en\/wp-json\/wp\/v2\/pages"}],"about":[{"href":"https:\/\/expertlingua.ro\/en\/wp-json\/wp\/v2\/types\/page"}],"author":[{"embeddable":true,"href":"https:\/\/expertlingua.ro\/en\/wp-json\/wp\/v2\/users\/1"}],"replies":[{"embeddable":true,"href":"https:\/\/expertlingua.ro\/en\/wp-json\/wp\/v2\/comments?post=42"}],"version-history":[{"count":7,"href":"https:\/\/expertlingua.ro\/en\/wp-json\/wp\/v2\/pages\/42\/revisions"}],"predecessor-version":[{"id":350,"href":"https:\/\/expertlingua.ro\/en\/wp-json\/wp\/v2\/pages\/42\/revisions\/350"}],"wp:attachment":[{"href":"https:\/\/expertlingua.ro\/en\/wp-json\/wp\/v2\/media?parent=42"}],"curies":[{"name":"wp","href":"https:\/\/api.w.org\/{rel}","templated":true}]}}